{"id":8821,"date":"2023-08-18T14:47:32","date_gmt":"2023-08-18T18:47:32","guid":{"rendered":"https:\/\/youthtakingflight.org\/contact-us\/"},"modified":"2023-09-11T16:27:21","modified_gmt":"2023-09-11T20:27:21","slug":"contactez-nous","status":"publish","type":"page","link":"https:\/\/youthtakingflight.org\/fr\/contactez-nous\/","title":{"rendered":"Contactez"},"content":{"rendered":"\t\t<div data-elementor-type=\"wp-page\" data-elementor-id=\"8821\" class=\"elementor elementor-8821 elementor-8391\" data-elementor-post-type=\"page\">\n\t\t\t\t<div class=\"elementor-element elementor-element-48cca34 e-con-full inner-banner-main e-flex e-con e-parent\" data-id=\"48cca34\" data-element_type=\"container\" data-settings=\"{&quot;background_background&quot;:&quot;classic&quot;}\">\n\t\t\t\t<\/div>\n\t\t\t\t<section class=\"elementor-section elementor-top-section elementor-element elementor-element-1ecc523 elementor-section-height-min-height elementor-section-full_width hm-form-wrap mt-100 elementor-section-height-default elementor-section-items-middle\" data-id=\"1ecc523\" data-element_type=\"section\" data-settings=\"{&quot;background_background&quot;:&quot;classic&quot;}\">\n\t\t\t\t\t\t\t<div class=\"elementor-background-overlay\"><\/div>\n\t\t\t\t\t\t\t<div class=\"elementor-container elementor-column-gap-default\">\n\t\t\t\t\t<div class=\"elementor-column elementor-col-50 elementor-top-column elementor-element elementor-element-6045b28 contact-form\" data-id=\"6045b28\" data-element_type=\"column\" data-settings=\"{&quot;background_background&quot;:&quot;classic&quot;}\">\n\t\t\t<div class=\"elementor-widget-wrap elementor-element-populated\">\n\t\t\t\t\t<div class=\"elementor-background-overlay\"><\/div>\n\t\t\t\t\t\t<div class=\"elementor-element elementor-element-4526367 form-submit-title elementor-widget elementor-widget-heading\" data-id=\"4526367\" data-element_type=\"widget\" data-widget_type=\"heading.default\">\n\t\t\t\t<div class=\"elementor-widget-container\">\n\t\t\t\t\t<h2 class=\"elementor-heading-title elementor-size-default\">Vous avez des questions ?<br><span class=\"form-submit-span\">Entrez en contact!<\/span><\/h2>\t\t\t\t<\/div>\n\t\t\t\t<\/div>\n\t\t\t\t<div class=\"elementor-element elementor-element-55bd9ce elementor-widget elementor-widget-shortcode\" data-id=\"55bd9ce\" data-element_type=\"widget\" data-widget_type=\"shortcode.default\">\n\t\t\t\t<div class=\"elementor-widget-container\">\n\t\t\t\t\t\t\t<div class=\"elementor-shortcode\"><script>\nvar gform;gform||(document.addEventListener(\"gform_main_scripts_loaded\",function(){gform.scriptsLoaded=!0}),document.addEventListener(\"gform\/theme\/scripts_loaded\",function(){gform.themeScriptsLoaded=!0}),window.addEventListener(\"DOMContentLoaded\",function(){gform.domLoaded=!0}),gform={domLoaded:!1,scriptsLoaded:!1,themeScriptsLoaded:!1,isFormEditor:()=>\"function\"==typeof InitializeEditor,callIfLoaded:function(o){return!(!gform.domLoaded||!gform.scriptsLoaded||!gform.themeScriptsLoaded&&!gform.isFormEditor()||(gform.isFormEditor()&&console.warn(\"The use of gform.initializeOnLoaded() is deprecated in the form editor context and will be removed in Gravity Forms 3.1.\"),o(),0))},initializeOnLoaded:function(o){gform.callIfLoaded(o)||(document.addEventListener(\"gform_main_scripts_loaded\",()=>{gform.scriptsLoaded=!0,gform.callIfLoaded(o)}),document.addEventListener(\"gform\/theme\/scripts_loaded\",()=>{gform.themeScriptsLoaded=!0,gform.callIfLoaded(o)}),window.addEventListener(\"DOMContentLoaded\",()=>{gform.domLoaded=!0,gform.callIfLoaded(o)}))},hooks:{action:{},filter:{}},addAction:function(o,r,e,t){gform.addHook(\"action\",o,r,e,t)},addFilter:function(o,r,e,t){gform.addHook(\"filter\",o,r,e,t)},doAction:function(o){gform.doHook(\"action\",o,arguments)},applyFilters:function(o){return gform.doHook(\"filter\",o,arguments)},removeAction:function(o,r){gform.removeHook(\"action\",o,r)},removeFilter:function(o,r,e){gform.removeHook(\"filter\",o,r,e)},addHook:function(o,r,e,t,n){null==gform.hooks[o][r]&&(gform.hooks[o][r]=[]);var d=gform.hooks[o][r];null==n&&(n=r+\"_\"+d.length),gform.hooks[o][r].push({tag:n,callable:e,priority:t=null==t?10:t})},doHook:function(r,o,e){var t;if(e=Array.prototype.slice.call(e,1),null!=gform.hooks[r][o]&&((o=gform.hooks[r][o]).sort(function(o,r){return o.priority-r.priority}),o.forEach(function(o){\"function\"!=typeof(t=o.callable)&&(t=window[t]),\"action\"==r?t.apply(null,e):e[0]=t.apply(null,e)})),\"filter\"==r)return e[0]},removeHook:function(o,r,t,n){var e;null!=gform.hooks[o][r]&&(e=(e=gform.hooks[o][r]).filter(function(o,r,e){return!!(null!=n&&n!=o.tag||null!=t&&t!=o.priority)}),gform.hooks[o][r]=e)}});\n<\/script>\n\n                <div class='gf_browser_gecko gform_wrapper gravity-theme gform-theme--no-framework' data-form-theme='gravity-theme' data-form-index='0' id='gform_wrapper_3' ><div id='gf_3' class='gform_anchor' tabindex='-1'><\/div><form method='post' enctype='multipart\/form-data' target='gform_ajax_frame_3' id='gform_3'  action='\/fr\/wp-json\/wp\/v2\/pages\/8821#gf_3' data-formid='3' novalidate><div class='gf_invisible ginput_recaptchav3' data-sitekey='6Lf4XwkrAAAAAIyWyvD1rS1HcD0hhhBASWBGr8Se' data-tabindex='49'><input id=\"input_795ac72255477c6db8ffcabeb3afb2ec\" class=\"gfield_recaptcha_response\" type=\"hidden\" name=\"input_795ac72255477c6db8ffcabeb3afb2ec\" value=\"\"\/><\/div>\n                        <div class='gform-body gform_body'><div id='gform_fields_3' class='gform_fields top_label form_sublabel_above description_above validation_below'><div id=\"field_3_4\" class=\"gfield gfield--type-text gfield--width-half halfField gfield_contains_required field_sublabel_above gfield--no-description field_description_above field_validation_below gfield_visibility_visible\"  ><label class='gfield_label gform-field-label' for='input_3_4'>Nom<span class=\"gfield_required\"><span class=\"gfield_required gfield_required_text\">(N\u00e9cessaire)<\/span><\/span><\/label><div class='ginput_container ginput_container_text'><input name='input_4' id='input_3_4' type='text' value='' class='large'   tabindex='50'  aria-required=\"true\" aria-invalid=\"false\"   \/><\/div><\/div><div id=\"field_3_2\" class=\"gfield gfield--type-email gfield--width-half halfField gfield_contains_required field_sublabel_above gfield--no-description field_description_above field_validation_below gfield_visibility_visible\"  ><label class='gfield_label gform-field-label' for='input_3_2'>Courriel<span class=\"gfield_required\"><span class=\"gfield_required gfield_required_text\">(N\u00e9cessaire)<\/span><\/span><\/label><div class='ginput_container ginput_container_email'>\n                            <input name='input_2' id='input_3_2' type='email' value='' class='large' tabindex='51'   aria-required=\"true\" aria-invalid=\"false\"  \/>\n                        <\/div><\/div><div id=\"field_3_11\" class=\"gfield gfield--type-text gfield--width-full form-rows gfield_contains_required field_sublabel_above gfield--no-description field_description_above field_validation_below gfield_visibility_visible\"  ><label class='gfield_label gform-field-label' for='input_3_11'>Sujet<span class=\"gfield_required\"><span class=\"gfield_required gfield_required_text\">(N\u00e9cessaire)<\/span><\/span><\/label><div class='ginput_container ginput_container_text'><input name='input_11' id='input_3_11' type='text' value='' class='large'   tabindex='52'  aria-required=\"true\" aria-invalid=\"false\"   \/><\/div><\/div><div id=\"field_3_9\" class=\"gfield gfield--type-textarea gfield--width-full field_sublabel_above gfield--no-description field_description_above field_validation_below gfield_visibility_visible\"  ><label class='gfield_label gform-field-label' for='input_3_9'>Message<\/label><div class='ginput_container ginput_container_textarea'><textarea name='input_9' id='input_3_9' class='textarea large' tabindex='53'     aria-invalid=\"false\"   rows='10' cols='50'><\/textarea><\/div><\/div><\/div><\/div>\n        <div class='gform-footer gform_footer top_label'> <input type='submit' id='gform_submit_button_3' class='gform_button button' onclick='gform.submission.handleButtonClick(this);' data-submission-type='submit' value='Envoyer le Message' tabindex='54' \/> <input type='hidden' name='gform_ajax' value='form_id=3&amp;title=&amp;description=&amp;tabindex=49&amp;theme=gravity-theme&amp;styles=[]&amp;hash=4b56e8661bbf1d6ac6a09b8d9b68ed99' \/>\n            <input type='hidden' class='gform_hidden' name='gform_submission_method' data-js='gform_submission_method_3' value='iframe' \/>\n            <input type='hidden' class='gform_hidden' name='gform_theme' data-js='gform_theme_3' id='gform_theme_3' value='gravity-theme' \/>\n            <input type='hidden' class='gform_hidden' name='gform_style_settings' data-js='gform_style_settings_3' id='gform_style_settings_3' value='[]' \/>\n            <input type='hidden' class='gform_hidden' name='is_submit_3' value='1' \/>\n            <input type='hidden' class='gform_hidden' name='gform_submit' value='3' \/>\n            \n            <input type='hidden' class='gform_hidden' name='gform_currency' data-currency='USD' value='a6Kbiqdktj75VDEQOqCyLF7WcE5erD7yuIfJPI18tu9R1KeeYGphTVj\/Tir67EPbrPn1\/1nyJkwcPYIR73KwS\/1VykSC\/ajfQFuUvgHUG7C5Z10=' \/>\n            <input type='hidden' class='gform_hidden' name='gform_unique_id' value='' \/>\n            <input type='hidden' class='gform_hidden' name='state_3' value='WyJbXSIsImMxZjc1MTA1M2MyZjEwZTRiZDBhMjI2ZmU2ZmRhMzMzIl0=' \/>\n            <input type='hidden' autocomplete='off' class='gform_hidden' name='gform_target_page_number_3' id='gform_target_page_number_3' value='0' \/>\n            <input type='hidden' autocomplete='off' class='gform_hidden' name='gform_source_page_number_3' id='gform_source_page_number_3' value='1' \/>\n            <input type='hidden' name='gform_field_values' value='check=First+Choice%2CSecond+Choice' \/>\n            \n        <\/div>\n                        <input type=\"hidden\" id=\"ct_checkjs_3988c7f88ebcb58c6ce932b957b6f332\" name=\"ct_checkjs\" value=\"0\" \/><script >setTimeout(function(){var ct_input_name = \"ct_checkjs_3988c7f88ebcb58c6ce932b957b6f332\";if (document.getElementById(ct_input_name) !== null) {var ct_input_value = document.getElementById(ct_input_name).value;document.getElementById(ct_input_name).value = document.getElementById(ct_input_name).value.replace(ct_input_value, '7bc04f6c823fd0b994adc22ba90f45b91a7ea7bb2d0d6084b0053ce4219029c2');}}, 1000);<\/script><input\n                    class=\"apbct_special_field apbct_email_id__gravity_form\"\n                    name=\"apbct__email_id__gravity_form\"\n                    aria-label=\"apbct__label_id__gravity_form\"\n                    type=\"text\" size=\"30\" maxlength=\"200\" autocomplete=\"off\"\n                    value=\"\"\n                \/><\/form>\n                        <\/div>\n\t\t                <iframe style='display:none;width:0px;height:0px;' src='about:blank' name='gform_ajax_frame_3' id='gform_ajax_frame_3' title='Cette iframe contient la logique n\u00e9cessaire pour manipuler Gravity Forms avec Ajax.'><\/iframe>\n\t\t                <script>\ngform.initializeOnLoaded( function() {gformInitSpinner( 3, 'https:\/\/youthtakingflight.org\/wp-content\/plugins\/gravityforms\/images\/spinner.svg', true );jQuery('#gform_ajax_frame_3').on('load',function(){var contents = jQuery(this).contents().find('*').html();var is_postback = contents.indexOf('GF_AJAX_POSTBACK') >= 0;if(!is_postback){return;}var form_content = jQuery(this).contents().find('#gform_wrapper_3');var is_confirmation = jQuery(this).contents().find('#gform_confirmation_wrapper_3').length > 0;var is_redirect = contents.indexOf('gformRedirect(){') >= 0;var is_form = form_content.length > 0 && ! is_redirect && ! is_confirmation;var mt = parseInt(jQuery('html').css('margin-top'), 10) + parseInt(jQuery('body').css('margin-top'), 10) + 100;if(is_form){jQuery('#gform_wrapper_3').html(form_content.html());if(form_content.hasClass('gform_validation_error')){jQuery('#gform_wrapper_3').addClass('gform_validation_error');} else {jQuery('#gform_wrapper_3').removeClass('gform_validation_error');}setTimeout( function() { \/* delay the scroll by 50 milliseconds to fix a bug in chrome *\/ jQuery(document).scrollTop(jQuery('#gform_wrapper_3').offset().top - mt); }, 50 );if(window['gformInitDatepicker']) {gformInitDatepicker();}if(window['gformInitPriceFields']) {gformInitPriceFields();}var current_page = jQuery('#gform_source_page_number_3').val();gformInitSpinner( 3, 'https:\/\/youthtakingflight.org\/wp-content\/plugins\/gravityforms\/images\/spinner.svg', true );jQuery(document).trigger('gform_page_loaded', [3, current_page]);window['gf_submitting_3'] = false;}else if(!is_redirect){var confirmation_content = jQuery(this).contents().find('.GF_AJAX_POSTBACK').html();if(!confirmation_content){confirmation_content = contents;}jQuery('#gform_wrapper_3').replaceWith(confirmation_content);jQuery(document).scrollTop(jQuery('#gf_3').offset().top - mt);jQuery(document).trigger('gform_confirmation_loaded', [3]);window['gf_submitting_3'] = false;wp.a11y.speak(jQuery('#gform_confirmation_message_3').text());}else{jQuery('#gform_3').append(contents);if(window['gformRedirect']) {gformRedirect();}}jQuery(document).trigger(\"gform_pre_post_render\", [{ formId: \"3\", currentPage: \"current_page\", abort: function() { this.preventDefault(); } }]);        if (event && event.defaultPrevented) {                return;        }        const gformWrapperDiv = document.getElementById( \"gform_wrapper_3\" );        if ( gformWrapperDiv ) {            const visibilitySpan = document.createElement( \"span\" );            visibilitySpan.id = \"gform_visibility_test_3\";            gformWrapperDiv.insertAdjacentElement( \"afterend\", visibilitySpan );        }        const visibilityTestDiv = document.getElementById( \"gform_visibility_test_3\" );        let postRenderFired = false;        function triggerPostRender() {            if ( postRenderFired ) {                return;            }            postRenderFired = true;            gform.core.triggerPostRenderEvents( 3, current_page );            if ( visibilityTestDiv ) {                visibilityTestDiv.parentNode.removeChild( visibilityTestDiv );            }        }        function debounce( func, wait, immediate ) {            var timeout;            return function() {                var context = this, args = arguments;                var later = function() {                    timeout = null;                    if ( !immediate ) func.apply( context, args );                };                var callNow = immediate && !timeout;                clearTimeout( timeout );                timeout = setTimeout( later, wait );                if ( callNow ) func.apply( context, args );            };        }        const debouncedTriggerPostRender = debounce( function() {            triggerPostRender();        }, 200 );        if ( visibilityTestDiv && visibilityTestDiv.offsetParent === null ) {            const observer = new MutationObserver( ( mutations ) => {                mutations.forEach( ( mutation ) => {                    if ( mutation.type === 'attributes' && visibilityTestDiv.offsetParent !== null ) {                        debouncedTriggerPostRender();                        observer.disconnect();                    }                });            });            observer.observe( document.body, {                attributes: true,                childList: false,                subtree: true,                attributeFilter: [ 'style', 'class' ],            });        } else {            triggerPostRender();        }    } );} );\n<\/script>\n<\/div>\n\t\t\t\t\t\t<\/div>\n\t\t\t\t<\/div>\n\t\t\t\t\t<\/div>\n\t\t<\/div>\n\t\t\t\t<div class=\"elementor-column elementor-col-50 elementor-top-column elementor-element elementor-element-e4c081e\" data-id=\"e4c081e\" data-element_type=\"column\" data-settings=\"{&quot;background_background&quot;:&quot;classic&quot;}\">\n\t\t\t<div class=\"elementor-widget-wrap elementor-element-populated\">\n\t\t\t\t\t\t<div class=\"elementor-element elementor-element-7751df8 elementor-widget elementor-widget-image\" data-id=\"7751df8\" data-element_type=\"widget\" data-widget_type=\"image.default\">\n\t\t\t\t<div class=\"elementor-widget-container\">\n\t\t\t\t\t\t\t\t\t\t\t\t\t\t\t<img fetchpriority=\"high\" decoding=\"async\" width=\"960\" height=\"936\" src=\"https:\/\/youthtakingflight.org\/wp-content\/uploads\/2023\/08\/Group-29-2-1.png\" class=\"attachment-full size-full wp-image-8393\" alt=\"\" srcset=\"https:\/\/youthtakingflight.org\/wp-content\/uploads\/2023\/08\/Group-29-2-1.png 960w, https:\/\/youthtakingflight.org\/wp-content\/uploads\/2023\/08\/Group-29-2-1-300x293.png 300w, https:\/\/youthtakingflight.org\/wp-content\/uploads\/2023\/08\/Group-29-2-1-768x749.png 768w\" sizes=\"(max-width: 960px) 100vw, 960px\" \/>\t\t\t\t\t\t\t\t\t\t\t\t\t\t\t<\/div>\n\t\t\t\t<\/div>\n\t\t\t\t\t<\/div>\n\t\t<\/div>\n\t\t\t\t\t<\/div>\n\t\t<\/section>\n\t\t\t\t<\/div>\n\t\t","protected":false},"excerpt":{"rendered":"<p>Vous avez des questions ?Entrez en contact!<\/p>\n","protected":false},"author":3,"featured_media":0,"parent":0,"menu_order":0,"comment_status":"closed","ping_status":"closed","template":"","meta":{"_acf_changed":false,"footnotes":""},"class_list":["post-8821","page","type-page","status-publish","hentry"],"acf":[],"yoast_head":"<!-- This site is optimized with the Yoast SEO plugin v25.5 - https:\/\/yoast.com\/wordpress\/plugins\/seo\/ -->\n<title>Connectez-vous avec Jeunesse en Vol | Contactez-nous pour des Programmes d&#039;A\u00e9rospatiale et de Leadership<\/title>\n<meta name=\"description\" content=\"Contactez-nous chez Jeunesse en Vol pour toute question concernant nos programmes stimulants en a\u00e9rospatiale, litt\u00e9ratie num\u00e9rique et leadership. Nous sommes l\u00e0 pour vous aider !\" \/>\n<meta name=\"robots\" content=\"index, follow, max-snippet:-1, max-image-preview:large, max-video-preview:-1\" \/>\n<link rel=\"canonical\" href=\"https:\/\/youthtakingflight.org\/contact-us\/\" \/>\n<meta property=\"og:locale\" content=\"fr_FR\" \/>\n<meta property=\"og:type\" content=\"article\" \/>\n<meta property=\"og:title\" content=\"Connectez-vous avec Jeunesse en Vol | Contactez-nous pour des Programmes d&#039;A\u00e9rospatiale et de Leadership\" \/>\n<meta property=\"og:description\" content=\"Contactez-nous chez Jeunesse en Vol pour toute question concernant nos programmes stimulants en a\u00e9rospatiale, litt\u00e9ratie num\u00e9rique et leadership. Nous sommes l\u00e0 pour vous aider !\" \/>\n<meta property=\"og:url\" content=\"https:\/\/youthtakingflight.org\/contact-us\/\" \/>\n<meta property=\"og:site_name\" content=\"Youth Taking Flight\" \/>\n<meta property=\"article:modified_time\" content=\"2023-09-11T20:27:21+00:00\" \/>\n<meta property=\"og:image\" content=\"https:\/\/youthtakingflight.org\/wp-content\/uploads\/2023\/08\/Group-29-2-1.png\" \/>\n<meta name=\"twitter:card\" content=\"summary_large_image\" \/>\n<meta name=\"twitter:label1\" content=\"Dur\u00e9e de lecture estim\u00e9e\" \/>\n\t<meta name=\"twitter:data1\" content=\"1 minute\" \/>\n<script type=\"application\/ld+json\" class=\"yoast-schema-graph\">{\"@context\":\"https:\/\/schema.org\",\"@graph\":[{\"@type\":\"WebPage\",\"@id\":\"https:\/\/youthtakingflight.org\/contact-us\/\",\"url\":\"https:\/\/youthtakingflight.org\/contact-us\/\",\"name\":\"Connectez-vous avec Jeunesse en Vol | Contactez-nous pour des Programmes d'A\u00e9rospatiale et de Leadership\",\"isPartOf\":{\"@id\":\"https:\/\/youthtakingflight.org\/#website\"},\"primaryImageOfPage\":{\"@id\":\"https:\/\/youthtakingflight.org\/contact-us\/#primaryimage\"},\"image\":{\"@id\":\"https:\/\/youthtakingflight.org\/contact-us\/#primaryimage\"},\"thumbnailUrl\":\"https:\/\/youthtakingflight.org\/wp-content\/uploads\/2023\/08\/Group-29-2-1.png\",\"datePublished\":\"2023-08-18T18:47:32+00:00\",\"dateModified\":\"2023-09-11T20:27:21+00:00\",\"description\":\"Contactez-nous chez Jeunesse en Vol pour toute question concernant nos programmes stimulants en a\u00e9rospatiale, litt\u00e9ratie num\u00e9rique et leadership. Nous sommes l\u00e0 pour vous aider !\",\"breadcrumb\":{\"@id\":\"https:\/\/youthtakingflight.org\/contact-us\/#breadcrumb\"},\"inLanguage\":\"fr-FR\",\"potentialAction\":[{\"@type\":\"ReadAction\",\"target\":[\"https:\/\/youthtakingflight.org\/contact-us\/\"]}]},{\"@type\":\"ImageObject\",\"inLanguage\":\"fr-FR\",\"@id\":\"https:\/\/youthtakingflight.org\/contact-us\/#primaryimage\",\"url\":\"https:\/\/youthtakingflight.org\/wp-content\/uploads\/2023\/08\/Group-29-2-1.png\",\"contentUrl\":\"https:\/\/youthtakingflight.org\/wp-content\/uploads\/2023\/08\/Group-29-2-1.png\"},{\"@type\":\"BreadcrumbList\",\"@id\":\"https:\/\/youthtakingflight.org\/contact-us\/#breadcrumb\",\"itemListElement\":[{\"@type\":\"ListItem\",\"position\":1,\"name\":\"Home\",\"item\":\"https:\/\/youthtakingflight.org\/fr\/\"},{\"@type\":\"ListItem\",\"position\":2,\"name\":\"Contactez\"}]},{\"@type\":\"WebSite\",\"@id\":\"https:\/\/youthtakingflight.org\/#website\",\"url\":\"https:\/\/youthtakingflight.org\/\",\"name\":\"Youth Taking Flight\",\"description\":\"\",\"publisher\":{\"@id\":\"https:\/\/youthtakingflight.org\/#organization\"},\"potentialAction\":[{\"@type\":\"SearchAction\",\"target\":{\"@type\":\"EntryPoint\",\"urlTemplate\":\"https:\/\/youthtakingflight.org\/?s={search_term_string}\"},\"query-input\":{\"@type\":\"PropertyValueSpecification\",\"valueRequired\":true,\"valueName\":\"search_term_string\"}}],\"inLanguage\":\"fr-FR\"},{\"@type\":\"Organization\",\"@id\":\"https:\/\/youthtakingflight.org\/#organization\",\"name\":\"Youth Taking Flight\",\"url\":\"https:\/\/youthtakingflight.org\/\",\"logo\":{\"@type\":\"ImageObject\",\"inLanguage\":\"fr-FR\",\"@id\":\"https:\/\/youthtakingflight.org\/#\/schema\/logo\/image\/\",\"url\":\"https:\/\/youthtakingflight.org\/wp-content\/uploads\/2022\/09\/logo-none-bg.png\",\"contentUrl\":\"https:\/\/youthtakingflight.org\/wp-content\/uploads\/2022\/09\/logo-none-bg.png\",\"width\":1210,\"height\":992,\"caption\":\"Youth Taking Flight\"},\"image\":{\"@id\":\"https:\/\/youthtakingflight.org\/#\/schema\/logo\/image\/\"}}]}<\/script>\n<!-- \/ Yoast SEO plugin. -->","yoast_head_json":{"title":"Connectez-vous avec Jeunesse en Vol | Contactez-nous pour des Programmes d'A\u00e9rospatiale et de Leadership","description":"Contactez-nous chez Jeunesse en Vol pour toute question concernant nos programmes stimulants en a\u00e9rospatiale, litt\u00e9ratie num\u00e9rique et leadership. Nous sommes l\u00e0 pour vous aider !","robots":{"index":"index","follow":"follow","max-snippet":"max-snippet:-1","max-image-preview":"max-image-preview:large","max-video-preview":"max-video-preview:-1"},"canonical":"https:\/\/youthtakingflight.org\/contact-us\/","og_locale":"fr_FR","og_type":"article","og_title":"Connectez-vous avec Jeunesse en Vol | Contactez-nous pour des Programmes d'A\u00e9rospatiale et de Leadership","og_description":"Contactez-nous chez Jeunesse en Vol pour toute question concernant nos programmes stimulants en a\u00e9rospatiale, litt\u00e9ratie num\u00e9rique et leadership. Nous sommes l\u00e0 pour vous aider !","og_url":"https:\/\/youthtakingflight.org\/contact-us\/","og_site_name":"Youth Taking Flight","article_modified_time":"2023-09-11T20:27:21+00:00","og_image":[{"url":"https:\/\/youthtakingflight.org\/wp-content\/uploads\/2023\/08\/Group-29-2-1.png","type":"","width":"","height":""}],"twitter_card":"summary_large_image","twitter_misc":{"Dur\u00e9e de lecture estim\u00e9e":"1 minute"},"schema":{"@context":"https:\/\/schema.org","@graph":[{"@type":"WebPage","@id":"https:\/\/youthtakingflight.org\/contact-us\/","url":"https:\/\/youthtakingflight.org\/contact-us\/","name":"Connectez-vous avec Jeunesse en Vol | Contactez-nous pour des Programmes d'A\u00e9rospatiale et de Leadership","isPartOf":{"@id":"https:\/\/youthtakingflight.org\/#website"},"primaryImageOfPage":{"@id":"https:\/\/youthtakingflight.org\/contact-us\/#primaryimage"},"image":{"@id":"https:\/\/youthtakingflight.org\/contact-us\/#primaryimage"},"thumbnailUrl":"https:\/\/youthtakingflight.org\/wp-content\/uploads\/2023\/08\/Group-29-2-1.png","datePublished":"2023-08-18T18:47:32+00:00","dateModified":"2023-09-11T20:27:21+00:00","description":"Contactez-nous chez Jeunesse en Vol pour toute question concernant nos programmes stimulants en a\u00e9rospatiale, litt\u00e9ratie num\u00e9rique et leadership. Nous sommes l\u00e0 pour vous aider !","breadcrumb":{"@id":"https:\/\/youthtakingflight.org\/contact-us\/#breadcrumb"},"inLanguage":"fr-FR","potentialAction":[{"@type":"ReadAction","target":["https:\/\/youthtakingflight.org\/contact-us\/"]}]},{"@type":"ImageObject","inLanguage":"fr-FR","@id":"https:\/\/youthtakingflight.org\/contact-us\/#primaryimage","url":"https:\/\/youthtakingflight.org\/wp-content\/uploads\/2023\/08\/Group-29-2-1.png","contentUrl":"https:\/\/youthtakingflight.org\/wp-content\/uploads\/2023\/08\/Group-29-2-1.png"},{"@type":"BreadcrumbList","@id":"https:\/\/youthtakingflight.org\/contact-us\/#breadcrumb","itemListElement":[{"@type":"ListItem","position":1,"name":"Home","item":"https:\/\/youthtakingflight.org\/fr\/"},{"@type":"ListItem","position":2,"name":"Contactez"}]},{"@type":"WebSite","@id":"https:\/\/youthtakingflight.org\/#website","url":"https:\/\/youthtakingflight.org\/","name":"Youth Taking Flight","description":"","publisher":{"@id":"https:\/\/youthtakingflight.org\/#organization"},"potentialAction":[{"@type":"SearchAction","target":{"@type":"EntryPoint","urlTemplate":"https:\/\/youthtakingflight.org\/?s={search_term_string}"},"query-input":{"@type":"PropertyValueSpecification","valueRequired":true,"valueName":"search_term_string"}}],"inLanguage":"fr-FR"},{"@type":"Organization","@id":"https:\/\/youthtakingflight.org\/#organization","name":"Youth Taking Flight","url":"https:\/\/youthtakingflight.org\/","logo":{"@type":"ImageObject","inLanguage":"fr-FR","@id":"https:\/\/youthtakingflight.org\/#\/schema\/logo\/image\/","url":"https:\/\/youthtakingflight.org\/wp-content\/uploads\/2022\/09\/logo-none-bg.png","contentUrl":"https:\/\/youthtakingflight.org\/wp-content\/uploads\/2022\/09\/logo-none-bg.png","width":1210,"height":992,"caption":"Youth Taking Flight"},"image":{"@id":"https:\/\/youthtakingflight.org\/#\/schema\/logo\/image\/"}}]}},"_links":{"self":[{"href":"https:\/\/youthtakingflight.org\/fr\/wp-json\/wp\/v2\/pages\/8821","targetHints":{"allow":["GET"]}}],"collection":[{"href":"https:\/\/youthtakingflight.org\/fr\/wp-json\/wp\/v2\/pages"}],"about":[{"href":"https:\/\/youthtakingflight.org\/fr\/wp-json\/wp\/v2\/types\/page"}],"author":[{"embeddable":true,"href":"https:\/\/youthtakingflight.org\/fr\/wp-json\/wp\/v2\/users\/3"}],"replies":[{"embeddable":true,"href":"https:\/\/youthtakingflight.org\/fr\/wp-json\/wp\/v2\/comments?post=8821"}],"version-history":[{"count":11,"href":"https:\/\/youthtakingflight.org\/fr\/wp-json\/wp\/v2\/pages\/8821\/revisions"}],"predecessor-version":[{"id":9175,"href":"https:\/\/youthtakingflight.org\/fr\/wp-json\/wp\/v2\/pages\/8821\/revisions\/9175"}],"wp:attachment":[{"href":"https:\/\/youthtakingflight.org\/fr\/wp-json\/wp\/v2\/media?parent=8821"}],"curies":[{"name":"wp","href":"https:\/\/api.w.org\/{rel}","templated":true}]}}